{"id":75,"date":"2018-11-16T14:32:17","date_gmt":"2018-11-16T14:32:17","guid":{"rendered":"http:\/\/www.zurichbowling.ch\/go\/?page_id=75"},"modified":"2018-12-10T20:44:54","modified_gmt":"2018-12-10T20:44:54","slug":"mitglied-werden","status":"publish","type":"page","link":"https:\/\/www.zurichbowling.ch\/go\/?page_id=75","title":{"rendered":"Mitglied werden"},"content":{"rendered":"<p><span style=\"color: #000000;\">Einzelmitglieder der Bowling Sektion Z\u00fcrich erhalten eine Bowling-Lizenz. Diese berechtigt zur Teilnahme an allen offiziellen Turnieren von Swiss Bowling sowie an internationalen Turnieren. Zudem profitieren BSZ-Mitglieder von einem Spezialtarif f\u00fcr die Bahnenmiete in der Sektionshalle BeSeCo in Winterthur. Auch in einem Grossteil aller Bowlingcentren weltweit erhalten BSZ-Mitglieder Verg\u00fcnstigungen.<\/span><\/p>\n<p><span style=\"color: #000000;\">Die Teilnahme an der j\u00e4hrlichen Generalversammlung der Sektion wird von den Mitgliedern erwartet. Im Weiteren verpflichten sich die Mitglieder zu Eins\u00e4tzen als Helfer an den Turnieren der BSZ.<\/span><\/p>\n<p><span style=\"color: #000000;\">Mitgliederbeitr\u00e4ge<\/span><\/p>\n<p><span style=\"color: #000000;\">Bei der BSZ sind folgende Mitgliedsarten mit unterschiedlichen Jahresbeitr\u00e4gen m\u00f6glich:<\/span><\/p>\n<table  class=\" table table-hover\" >\n<tbody>\n<tr>\n<td><span style=\"color: #000000;\">Mitgliedsart<\/span><\/td>\n<td><span style=\"color: #000000;\">Alter<\/span><\/td>\n<td><span style=\"color: #000000;\">Jahresbeitrag<\/span><\/td>\n<\/tr>\n<tr>\n<td><span style=\"color: #000000;\">Aktiv<\/span><\/td>\n<td><\/td>\n<td><span style=\"color: #000000;\">CHF 80* \/ CHF 130<\/span><\/td>\n<\/tr>\n<tr>\n<td><span style=\"color: #000000;\">Jugend A<\/span><\/td>\n<td><span style=\"color: #000000;\">17\u201321 Jahre<\/span><\/td>\n<td><span style=\"color: #000000;\">CHF 55* \/ CHF 80<\/span><\/td>\n<\/tr>\n<tr>\n<td><span style=\"color: #000000;\">Jugend B<\/span><\/td>\n<td><span style=\"color: #000000;\">13\u201316 Jahre<\/span><\/td>\n<td><span style=\"color: #000000;\">CHF 42.50* \/ CHF 55<\/span><\/td>\n<\/tr>\n<tr>\n<td><span style=\"color: #000000;\">Jugend C<\/span><\/td>\n<td><span style=\"color: #000000;\">8\u201312 Jahre<\/span><\/td>\n<td><span style=\"color: #000000;\">CHF 30<\/span><\/td>\n<\/tr>\n<tr>\n<td><span style=\"color: #000000;\">Senioren<\/span><\/td>\n<td><span style=\"color: #000000;\">ab 65 Jahren<\/span><\/td>\n<td><span style=\"color: #000000;\">CHF 55* \/ CHF 80<\/span><\/td>\n<\/tr>\n<\/tbody>\n<\/table>\n<p><span style=\"color: #000000;\">*Diese reduzierten Preise gelten f\u00fcr Neumitglieder im ersten Mitgliedsjahr.<\/span><\/p>\n<p><span style=\"color: #000000;\">Hier kannst Du uns\u00a0<a style=\"color: #000000;\" href=\"mailto:info@zurichbowling.ch\">kontaktieren.<\/a><\/span><\/p>\n<p><span style=\"color: #000000;\">BeSeCo-Memberkarten<\/span><\/p>\n<p><span style=\"color: #000000;\">Die Bowlinghalle BeSeCo bietet eigene Memberkarten an, die \u00adeinen g\u00fcnstigeren Spielpreis in der Halle erm\u00f6glichen. Im Weiteren ist eine pers\u00f6nliche Club-Member-Karte erh\u00e4ltlich. Mit dieser k\u00f6nnen Spieler ohne Lizenz w\u00e4hrend eines Jahres bei Turnieren und Ligen der Bowling Sektion Z\u00fcrich mitspielen.<\/span><\/p>\n","protected":false},"excerpt":{"rendered":"<p>Einzelmitglieder der Bowling Sektion Z\u00fcrich erhalten eine Bowling-Lizenz. Diese berechtigt zur Teilnahme an allen offiziellen Turnieren von Swiss Bowling sowie &hellip; <a href=\"https:\/\/www.zurichbowling.ch\/go\/?page_id=75\" class=\"more-link\">Continue reading <span class=\"screen-reader-text\">Mitglied werden<\/span><\/a><\/p>\n","protected":false},"author":1,"featured_media":0,"parent":105,"menu_order":0,"comment_status":"closed","ping_status":"closed","template":"page-templates\/full-width.php","meta":{"footnotes":""},"class_list":["post-75","page","type-page","status-publish","hentry"],"_links":{"self":[{"href":"https:\/\/www.zurichbowling.ch\/go\/index.php?rest_route=\/wp\/v2\/pages\/75","targetHints":{"allow":["GET"]}}],"collection":[{"href":"https:\/\/www.zurichbowling.ch\/go\/index.php?rest_route=\/wp\/v2\/pages"}],"about":[{"href":"https:\/\/www.zurichbowling.ch\/go\/index.php?rest_route=\/wp\/v2\/types\/page"}],"author":[{"embeddable":true,"href":"https:\/\/www.zurichbowling.ch\/go\/index.php?rest_route=\/wp\/v2\/users\/1"}],"replies":[{"embeddable":true,"href":"https:\/\/www.zurichbowling.ch\/go\/index.php?rest_route=%2Fwp%2Fv2%2Fcomments&post=75"}],"version-history":[{"count":6,"href":"https:\/\/www.zurichbowling.ch\/go\/index.php?rest_route=\/wp\/v2\/pages\/75\/revisions"}],"predecessor-version":[{"id":5440,"href":"https:\/\/www.zurichbowling.ch\/go\/index.php?rest_route=\/wp\/v2\/pages\/75\/revisions\/5440"}],"up":[{"embeddable":true,"href":"https:\/\/www.zurichbowling.ch\/go\/index.php?rest_route=\/wp\/v2\/pages\/105"}],"wp:attachment":[{"href":"https:\/\/www.zurichbowling.ch\/go\/index.php?rest_route=%2Fwp%2Fv2%2Fmedia&parent=75"}],"curies":[{"name":"wp","href":"https:\/\/api.w.org\/{rel}","templated":true}]}}