{"id":5262,"date":"2025-03-30T13:30:46","date_gmt":"2025-03-30T13:30:46","guid":{"rendered":"https:\/\/www.zurichbowling.ch\/go\/?page_id=5262"},"modified":"2025-06-21T12:10:33","modified_gmt":"2025-06-21T12:10:33","slug":"bsz-einladungsturnier-und-grillplausch-am-21-juni-2025","status":"publish","type":"page","link":"https:\/\/www.zurichbowling.ch\/go\/?page_id=5262","title":{"rendered":"BSZ Einladungsturnier und Grillplausch am 21. Juni 2025"},"content":{"rendered":"<p><span style=\"color: #000000;\">Hallo Zusammen<\/span><br \/>\n<span style=\"color: #000000;\">Am Samstag den 21. Juni 2025 fand das Einladungsturnier der BSZ statt.<\/span><br \/>\n<span style=\"color: #000000;\">Im Anschluss gab es einen Grillplausch mit Salatbuffet.<\/span><\/p>\n<p><span style=\"color: #000000;\">F\u00fcr alle Mitglieder der BSZ mit Familie war der ganze Anlass kostenlos!!!!!<\/span><\/p>\n<p><span style=\"color: #000000;\">Hier die <a style=\"color: #000000;\" href=\"https:\/\/www.zurichbowling.ch\/go\/wp-content\/uploads\/Ausschreibung_BSZ-Turnier2025.pdf\" target=\"_blank\" rel=\"noopener\">Ausschreibung<\/a><\/span><\/p>\n<p><span style=\"color: #000000;\">hier die <a style=\"color: #000000;\" href=\"https:\/\/www.zurichbowling.ch\/go\/wp-content\/uploads\/BSZ-Plausch-2025.pdf\" target=\"_blank\" rel=\"noopener\">Rangliste<\/a><\/span><\/p>\n<p><span style=\"color: #000000;\">Der ganze Vorstand und die SPOKO bedanken sich bei den zahlreichen Teilnehmern.<\/span><\/p>\n<p><span style=\"color: #000000;\">Wir gratulieren unserem Pr\u00e4si f\u00fcr den \u00fcberraschenden Sieg<\/span><br \/>\n<a href=\"https:\/\/www.zurichbowling.ch\/go\/wp-content\/uploads\/IMG_2178.jpg\" target=\"_blank\" rel=\"noopener\"><img loading=\"lazy\" decoding=\"async\" class=\"alignnone wp-image-5415 size-medium\" src=\"https:\/\/www.zurichbowling.ch\/go\/wp-content\/uploads\/IMG_2178-300x169.jpg\" alt=\"\" width=\"300\" height=\"169\" srcset=\"https:\/\/www.zurichbowling.ch\/go\/wp-content\/uploads\/IMG_2178-300x169.jpg 300w, https:\/\/www.zurichbowling.ch\/go\/wp-content\/uploads\/IMG_2178-1024x576.jpg 1024w, https:\/\/www.zurichbowling.ch\/go\/wp-content\/uploads\/IMG_2178-768x432.jpg 768w, https:\/\/www.zurichbowling.ch\/go\/wp-content\/uploads\/IMG_2178-1536x864.jpg 1536w, https:\/\/www.zurichbowling.ch\/go\/wp-content\/uploads\/IMG_2178.jpg 2016w\" sizes=\"auto, (max-width: 300px) 100vw, 300px\" \/><\/a> <a href=\"https:\/\/www.zurichbowling.ch\/go\/wp-content\/uploads\/IMG_2174.jpg\" target=\"_blank\" rel=\"noopener\"><img loading=\"lazy\" decoding=\"async\" class=\"alignnone wp-image-5412 size-medium\" src=\"https:\/\/www.zurichbowling.ch\/go\/wp-content\/uploads\/IMG_2174-300x169.jpg\" alt=\"\" width=\"300\" height=\"169\" srcset=\"https:\/\/www.zurichbowling.ch\/go\/wp-content\/uploads\/IMG_2174-300x169.jpg 300w, https:\/\/www.zurichbowling.ch\/go\/wp-content\/uploads\/IMG_2174-1024x576.jpg 1024w, https:\/\/www.zurichbowling.ch\/go\/wp-content\/uploads\/IMG_2174-768x432.jpg 768w, https:\/\/www.zurichbowling.ch\/go\/wp-content\/uploads\/IMG_2174-1536x864.jpg 1536w, https:\/\/www.zurichbowling.ch\/go\/wp-content\/uploads\/IMG_2174.jpg 2016w\" sizes=\"auto, (max-width: 300px) 100vw, 300px\" \/><\/a><br \/>\n<a href=\"https:\/\/www.zurichbowling.ch\/go\/wp-content\/uploads\/IMG_2175.jpg\" target=\"_blank\" rel=\"noopener\"><img loading=\"lazy\" decoding=\"async\" class=\"alignnone wp-image-5413 size-medium\" src=\"https:\/\/www.zurichbowling.ch\/go\/wp-content\/uploads\/IMG_2175-300x169.jpg\" alt=\"\" width=\"300\" height=\"169\" srcset=\"https:\/\/www.zurichbowling.ch\/go\/wp-content\/uploads\/IMG_2175-300x169.jpg 300w, https:\/\/www.zurichbowling.ch\/go\/wp-content\/uploads\/IMG_2175-1024x576.jpg 1024w, https:\/\/www.zurichbowling.ch\/go\/wp-content\/uploads\/IMG_2175-768x432.jpg 768w, https:\/\/www.zurichbowling.ch\/go\/wp-content\/uploads\/IMG_2175-1536x864.jpg 1536w, https:\/\/www.zurichbowling.ch\/go\/wp-content\/uploads\/IMG_2175.jpg 2016w\" sizes=\"auto, (max-width: 300px) 100vw, 300px\" \/><\/a> <a href=\"https:\/\/www.zurichbowling.ch\/go\/wp-content\/uploads\/IMG_2176.jpg\" target=\"_blank\" rel=\"noopener\"><img loading=\"lazy\" decoding=\"async\" class=\"alignnone wp-image-5414 size-medium\" src=\"https:\/\/www.zurichbowling.ch\/go\/wp-content\/uploads\/IMG_2176-300x169.jpg\" alt=\"\" width=\"300\" height=\"169\" srcset=\"https:\/\/www.zurichbowling.ch\/go\/wp-content\/uploads\/IMG_2176-300x169.jpg 300w, https:\/\/www.zurichbowling.ch\/go\/wp-content\/uploads\/IMG_2176-1024x576.jpg 1024w, https:\/\/www.zurichbowling.ch\/go\/wp-content\/uploads\/IMG_2176-768x432.jpg 768w, https:\/\/www.zurichbowling.ch\/go\/wp-content\/uploads\/IMG_2176-1536x864.jpg 1536w, https:\/\/www.zurichbowling.ch\/go\/wp-content\/uploads\/IMG_2176.jpg 2016w\" sizes=\"auto, (max-width: 300px) 100vw, 300px\" \/><\/a><\/p>\n","protected":false},"excerpt":{"rendered":"<p>Hallo Zusammen Am Samstag den 21. Juni 2025 fand das Einladungsturnier der BSZ statt. Im Anschluss gab es einen Grillplausch &hellip; <a href=\"https:\/\/www.zurichbowling.ch\/go\/?page_id=5262\" class=\"more-link\">Continue reading <span class=\"screen-reader-text\">BSZ Einladungsturnier und Grillplausch am 21. Juni 2025<\/span><\/a><\/p>\n","protected":false},"author":3,"featured_media":0,"parent":110,"menu_order":0,"comment_status":"closed","ping_status":"closed","template":"page-templates\/full-width.php","meta":{"footnotes":""},"class_list":["post-5262","page","type-page","status-publish","hentry"],"_links":{"self":[{"href":"https:\/\/www.zurichbowling.ch\/go\/index.php?rest_route=\/wp\/v2\/pages\/5262","targetHints":{"allow":["GET"]}}],"collection":[{"href":"https:\/\/www.zurichbowling.ch\/go\/index.php?rest_route=\/wp\/v2\/pages"}],"about":[{"href":"https:\/\/www.zurichbowling.ch\/go\/index.php?rest_route=\/wp\/v2\/types\/page"}],"author":[{"embeddable":true,"href":"https:\/\/www.zurichbowling.ch\/go\/index.php?rest_route=\/wp\/v2\/users\/3"}],"replies":[{"embeddable":true,"href":"https:\/\/www.zurichbowling.ch\/go\/index.php?rest_route=%2Fwp%2Fv2%2Fcomments&post=5262"}],"version-history":[{"count":9,"href":"https:\/\/www.zurichbowling.ch\/go\/index.php?rest_route=\/wp\/v2\/pages\/5262\/revisions"}],"predecessor-version":[{"id":5418,"href":"https:\/\/www.zurichbowling.ch\/go\/index.php?rest_route=\/wp\/v2\/pages\/5262\/revisions\/5418"}],"up":[{"embeddable":true,"href":"https:\/\/www.zurichbowling.ch\/go\/index.php?rest_route=\/wp\/v2\/pages\/110"}],"wp:attachment":[{"href":"https:\/\/www.zurichbowling.ch\/go\/index.php?rest_route=%2Fwp%2Fv2%2Fmedia&parent=5262"}],"curies":[{"name":"wp","href":"https:\/\/api.w.org\/{rel}","templated":true}]}}