{"id":270,"date":"2018-11-23T18:06:54","date_gmt":"2018-11-23T18:06:54","guid":{"rendered":"http:\/\/www.zurichbowling.ch\/go\/?page_id=270"},"modified":"2025-12-05T15:46:47","modified_gmt":"2025-12-05T15:46:47","slug":"junioren-spielbetrieb-und-trainings","status":"publish","type":"page","link":"https:\/\/www.zurichbowling.ch\/go\/?page_id=270","title":{"rendered":"Junioren Spielbetrieb und Trainings"},"content":{"rendered":"<h3><\/h3>\n<h3>Turniere<\/h3>\n<h4><span style=\"color: #000000;\">Saison 2025-26<\/span><\/h4>\n<ul>\n<li><span style=\"color: #000000;\">ZM der Junioren 2026 finden am 17.01.2026 statt<br \/>\nHier alle <a style=\"color: #000000;\" href=\"https:\/\/www.zurichbowling.ch\/go\/?page_id=5653\">Infos&#8230;..<\/a><br \/>\nAnmeldungen an der Pinnwand im BeSeCo<\/span><\/li>\n<\/ul>\n<h4><span style=\"color: #000000;\">Saison 2024-25<\/span><\/h4>\n<ul>\n<li><span style=\"color: #000000;\">CH-Meisterschaften der Junioren 2025<\/span><br \/>\n<span style=\"color: #000000;\">Wir gratulieren allen f\u00fcr ihre tollen Leistungen!!!<\/span><br \/>\n<span style=\"color: #000000;\">Gold bei den Girls U13 f\u00fcr Adhriana, Silber f\u00fcr Tobias und Bronze f\u00fcr Enrique bei den Junioren U21,<\/span><br \/>\n<span style=\"color: #000000;\">sowie Lean zu Bronze bei den Jungs U13 und allen anderen Teilnehmern der BSZ. BRAVOOOOOOOO!!!!!!!<\/span><\/p>\n<h3><a href=\"https:\/\/www.zurichbowling.ch\/go\/wp-content\/uploads\/Bild6.jpg\" target=\"_blank\" rel=\"noopener\"><img loading=\"lazy\" decoding=\"async\" class=\"alignnone wp-image-5397 size-medium\" src=\"https:\/\/www.zurichbowling.ch\/go\/wp-content\/uploads\/Bild6-225x300.jpg\" alt=\"\" width=\"225\" height=\"300\" srcset=\"https:\/\/www.zurichbowling.ch\/go\/wp-content\/uploads\/Bild6-225x300.jpg 225w, https:\/\/www.zurichbowling.ch\/go\/wp-content\/uploads\/Bild6-768x1024.jpg 768w, https:\/\/www.zurichbowling.ch\/go\/wp-content\/uploads\/Bild6-1152x1536.jpg 1152w, https:\/\/www.zurichbowling.ch\/go\/wp-content\/uploads\/Bild6.jpg 1536w\" sizes=\"auto, (max-width: 225px) 100vw, 225px\" \/><\/a> <a href=\"https:\/\/www.zurichbowling.ch\/go\/wp-content\/uploads\/bild4.jpg\" target=\"_blank\" rel=\"noopener\"><img loading=\"lazy\" decoding=\"async\" class=\"alignnone wp-image-5395 size-medium\" src=\"https:\/\/www.zurichbowling.ch\/go\/wp-content\/uploads\/bild4-300x225.jpg\" alt=\"\" width=\"300\" height=\"225\" srcset=\"https:\/\/www.zurichbowling.ch\/go\/wp-content\/uploads\/bild4-300x225.jpg 300w, https:\/\/www.zurichbowling.ch\/go\/wp-content\/uploads\/bild4-1024x768.jpg 1024w, https:\/\/www.zurichbowling.ch\/go\/wp-content\/uploads\/bild4-768x576.jpg 768w, https:\/\/www.zurichbowling.ch\/go\/wp-content\/uploads\/bild4-1536x1152.jpg 1536w, https:\/\/www.zurichbowling.ch\/go\/wp-content\/uploads\/bild4.jpg 2048w\" sizes=\"auto, (max-width: 300px) 100vw, 300px\" \/><\/a> <a href=\"https:\/\/www.zurichbowling.ch\/go\/wp-content\/uploads\/bild5.jpg\" target=\"_blank\" rel=\"noopener\"><img loading=\"lazy\" decoding=\"async\" class=\"alignnone wp-image-5396 size-medium\" src=\"https:\/\/www.zurichbowling.ch\/go\/wp-content\/uploads\/bild5-300x225.jpg\" alt=\"\" width=\"300\" height=\"225\" srcset=\"https:\/\/www.zurichbowling.ch\/go\/wp-content\/uploads\/bild5-300x225.jpg 300w, https:\/\/www.zurichbowling.ch\/go\/wp-content\/uploads\/bild5-1024x768.jpg 1024w, https:\/\/www.zurichbowling.ch\/go\/wp-content\/uploads\/bild5-768x576.jpg 768w, https:\/\/www.zurichbowling.ch\/go\/wp-content\/uploads\/bild5-1536x1152.jpg 1536w, https:\/\/www.zurichbowling.ch\/go\/wp-content\/uploads\/bild5.jpg 2048w\" sizes=\"auto, (max-width: 300px) 100vw, 300px\" \/><\/a> \u00a0<a href=\"https:\/\/www.zurichbowling.ch\/go\/wp-content\/uploads\/bild7.jpg\" target=\"_blank\" rel=\"noopener\"><img loading=\"lazy\" decoding=\"async\" class=\"alignnone wp-image-5398 size-medium\" src=\"https:\/\/www.zurichbowling.ch\/go\/wp-content\/uploads\/bild7-139x300.jpg\" alt=\"\" width=\"139\" height=\"300\" srcset=\"https:\/\/www.zurichbowling.ch\/go\/wp-content\/uploads\/bild7-139x300.jpg 139w, https:\/\/www.zurichbowling.ch\/go\/wp-content\/uploads\/bild7-473x1024.jpg 473w, https:\/\/www.zurichbowling.ch\/go\/wp-content\/uploads\/bild7-768x1663.jpg 768w, https:\/\/www.zurichbowling.ch\/go\/wp-content\/uploads\/bild7-710x1536.jpg 710w, https:\/\/www.zurichbowling.ch\/go\/wp-content\/uploads\/bild7.jpg 946w\" sizes=\"auto, (max-width: 139px) 100vw, 139px\" \/><\/a> <a href=\"https:\/\/www.zurichbowling.ch\/go\/wp-content\/uploads\/bild8.jpg\" target=\"_blank\" rel=\"noopener\"><img loading=\"lazy\" decoding=\"async\" class=\"alignnone wp-image-5399 size-medium\" src=\"https:\/\/www.zurichbowling.ch\/go\/wp-content\/uploads\/bild8-139x300.jpg\" alt=\"\" width=\"139\" height=\"300\" srcset=\"https:\/\/www.zurichbowling.ch\/go\/wp-content\/uploads\/bild8-139x300.jpg 139w, https:\/\/www.zurichbowling.ch\/go\/wp-content\/uploads\/bild8-473x1024.jpg 473w, https:\/\/www.zurichbowling.ch\/go\/wp-content\/uploads\/bild8-768x1663.jpg 768w, https:\/\/www.zurichbowling.ch\/go\/wp-content\/uploads\/bild8-710x1536.jpg 710w, https:\/\/www.zurichbowling.ch\/go\/wp-content\/uploads\/bild8.jpg 946w\" sizes=\"auto, (max-width: 139px) 100vw, 139px\" \/><\/a> <a href=\"https:\/\/www.zurichbowling.ch\/go\/wp-content\/uploads\/bild1.jpg\" target=\"_blank\" rel=\"noopener\"><img loading=\"lazy\" decoding=\"async\" class=\"alignnone wp-image-5400 size-medium\" src=\"https:\/\/www.zurichbowling.ch\/go\/wp-content\/uploads\/bild1-300x225.jpg\" alt=\"\" width=\"300\" height=\"225\" srcset=\"https:\/\/www.zurichbowling.ch\/go\/wp-content\/uploads\/bild1-300x225.jpg 300w, https:\/\/www.zurichbowling.ch\/go\/wp-content\/uploads\/bild1-1024x768.jpg 1024w, https:\/\/www.zurichbowling.ch\/go\/wp-content\/uploads\/bild1-768x576.jpg 768w, https:\/\/www.zurichbowling.ch\/go\/wp-content\/uploads\/bild1-1536x1152.jpg 1536w, https:\/\/www.zurichbowling.ch\/go\/wp-content\/uploads\/bild1.jpg 2048w\" sizes=\"auto, (max-width: 300px) 100vw, 300px\" \/><\/a> <a href=\"https:\/\/www.zurichbowling.ch\/go\/wp-content\/uploads\/bild2.jpg\" target=\"_blank\" rel=\"noopener\"><img loading=\"lazy\" decoding=\"async\" class=\"alignnone wp-image-5401 size-medium\" src=\"https:\/\/www.zurichbowling.ch\/go\/wp-content\/uploads\/bild2-225x300.jpg\" alt=\"\" width=\"225\" height=\"300\" srcset=\"https:\/\/www.zurichbowling.ch\/go\/wp-content\/uploads\/bild2-225x300.jpg 225w, https:\/\/www.zurichbowling.ch\/go\/wp-content\/uploads\/bild2-768x1024.jpg 768w, https:\/\/www.zurichbowling.ch\/go\/wp-content\/uploads\/bild2-1152x1536.jpg 1152w, https:\/\/www.zurichbowling.ch\/go\/wp-content\/uploads\/bild2.jpg 1536w\" sizes=\"auto, (max-width: 225px) 100vw, 225px\" \/><\/a> <a href=\"https:\/\/www.zurichbowling.ch\/go\/wp-content\/uploads\/bild3.jpg\" target=\"_blank\" rel=\"noopener\"><img loading=\"lazy\" decoding=\"async\" class=\"alignnone wp-image-5402 size-medium\" src=\"https:\/\/www.zurichbowling.ch\/go\/wp-content\/uploads\/bild3-300x225.jpg\" alt=\"\" width=\"300\" height=\"225\" srcset=\"https:\/\/www.zurichbowling.ch\/go\/wp-content\/uploads\/bild3-300x225.jpg 300w, https:\/\/www.zurichbowling.ch\/go\/wp-content\/uploads\/bild3-1024x768.jpg 1024w, https:\/\/www.zurichbowling.ch\/go\/wp-content\/uploads\/bild3-768x576.jpg 768w, https:\/\/www.zurichbowling.ch\/go\/wp-content\/uploads\/bild3-1536x1152.jpg 1536w, https:\/\/www.zurichbowling.ch\/go\/wp-content\/uploads\/bild3.jpg 2048w\" sizes=\"auto, (max-width: 300px) 100vw, 300px\" \/><\/a><\/h3>\n<\/li>\n<li><span style=\"color: #000000;\">ZM der Junioren 2025 finden am 18.01.2025 statt<br \/>\nHier alle <a style=\"color: #000000;\" href=\"https:\/\/www.zurichbowling.ch\/go\/?page_id=4961\">Infos&#8230;..<\/a><br \/>\nAnmeldungen an der Pinnwand im BeSeCo<\/span><\/li>\n<\/ul>\n<h4><span style=\"color: #000000;\">Saison 2023-24<\/span><\/h4>\n<ul>\n<li><span style=\"color: #000000;\">ZM der Junioren 2024 am 8. Juni 2024<br \/>\nHier alle <a style=\"color: #000000;\" href=\"https:\/\/www.zurichbowling.ch\/go\/?page_id=4639\">Infos&#8230;..<\/a><br \/>\nAnmeldungen an der Pinnwand im BeSeCo<\/span><\/li>\n<\/ul>\n<h4><span style=\"color: #000000;\">Saison 2022-23<\/span><\/h4>\n<h4><span style=\"color: #000000;\">Saison 2021-22<\/span><\/h4>\n<ul>\n<li><span style=\"color: #000000;\"><a style=\"color: #000000;\" href=\"https:\/\/www.zurichbowling.ch\/go\/?page_id=2898\">8. Youth Challenge 2022<\/a><\/span><\/li>\n<li><span style=\"color: #000000;\">ZM-Junioren 2022 verschoben !!!!!<\/span><\/li>\n<\/ul>\n<h3><span style=\"color: #000000;\">Trainings<\/span><\/h3>\n<p><span style=\"color: #000000;\">Die meisten Clubs mit Junioren trainieren Dienstag und Mittwoch-Abend ab 19 h<br \/>\nund Samstag-Morgen ab 10 h.<\/span><\/p>\n<h5><span style=\"color: #000000;\">Alle \u00e4lteren Beitr\u00e4ge im <a style=\"color: #000000;\" href=\"https:\/\/www.zurichbowling.ch\/go\/?page_id=523\">Archiv der Junioren<\/a><\/span><\/h5>\n","protected":false},"excerpt":{"rendered":"<p>Turniere Saison 2025-26 ZM der Junioren 2026 finden am 17.01.2026 statt Hier alle Infos&#8230;.. Anmeldungen an der Pinnwand im BeSeCo &hellip; <a href=\"https:\/\/www.zurichbowling.ch\/go\/?page_id=270\" class=\"more-link\">Continue reading <span class=\"screen-reader-text\">Junioren Spielbetrieb und Trainings<\/span><\/a><\/p>\n","protected":false},"author":3,"featured_media":0,"parent":159,"menu_order":0,"comment_status":"closed","ping_status":"closed","template":"page-templates\/full-width.php","meta":{"footnotes":""},"class_list":["post-270","page","type-page","status-publish","hentry"],"_links":{"self":[{"href":"https:\/\/www.zurichbowling.ch\/go\/index.php?rest_route=\/wp\/v2\/pages\/270","targetHints":{"allow":["GET"]}}],"collection":[{"href":"https:\/\/www.zurichbowling.ch\/go\/index.php?rest_route=\/wp\/v2\/pages"}],"about":[{"href":"https:\/\/www.zurichbowling.ch\/go\/index.php?rest_route=\/wp\/v2\/types\/page"}],"author":[{"embeddable":true,"href":"https:\/\/www.zurichbowling.ch\/go\/index.php?rest_route=\/wp\/v2\/users\/3"}],"replies":[{"embeddable":true,"href":"https:\/\/www.zurichbowling.ch\/go\/index.php?rest_route=%2Fwp%2Fv2%2Fcomments&post=270"}],"version-history":[{"count":37,"href":"https:\/\/www.zurichbowling.ch\/go\/index.php?rest_route=\/wp\/v2\/pages\/270\/revisions"}],"predecessor-version":[{"id":5662,"href":"https:\/\/www.zurichbowling.ch\/go\/index.php?rest_route=\/wp\/v2\/pages\/270\/revisions\/5662"}],"up":[{"embeddable":true,"href":"https:\/\/www.zurichbowling.ch\/go\/index.php?rest_route=\/wp\/v2\/pages\/159"}],"wp:attachment":[{"href":"https:\/\/www.zurichbowling.ch\/go\/index.php?rest_route=%2Fwp%2Fv2%2Fmedia&parent=270"}],"curies":[{"name":"wp","href":"https:\/\/api.w.org\/{rel}","templated":true}]}}