{"id":162,"date":"2018-11-19T21:17:36","date_gmt":"2018-11-19T21:17:36","guid":{"rendered":"http:\/\/www.zurichbowling.ch\/go\/?page_id=162"},"modified":"2023-09-18T22:00:30","modified_gmt":"2023-09-18T22:00:30","slug":"vorstand-der-bsz","status":"publish","type":"page","link":"https:\/\/www.zurichbowling.ch\/go\/?page_id=162","title":{"rendered":"Vorstand der BSZ"},"content":{"rendered":"<h4><span style=\"color: #000000;\">Hier die Vorstandsmitglieder der BSZ:<\/span><\/h4>\n<ul>\n<li><span style=\"color: #000000;\">Pr\u00e4sident <a style=\"color: #000000;\" href=\"mailt:praesident@zurichbowling.ch\">Christoph Gut<\/a><\/span><\/li>\n<li><span style=\"color: #000000;\">Vizepr\u00e4sident <a style=\"color: #000000;\" href=\"mailto:vizepraesident@zurichbowling.ch\">Dominic Maier<\/a><\/span><\/li>\n<li><span style=\"color: #000000;\">Sportpr\u00e4sident <a style=\"color: #000000;\" href=\"mailto:sportpraesident@zurichbowling.ch\">Tanya Cuva<\/a><\/span><\/li>\n<li><span style=\"color: #000000;\">Vizesportpr\u00e4sident <a style=\"color: #000000;\" href=\"mailto:sportvizepraesident@zurichbowling.ch\">Damir Branezac<\/a><\/span><\/li>\n<li><span style=\"color: #000000;\">Kassier <a style=\"color: #000000;\" href=\"mailto:kassier@zurichbowling.ch\">Myriam Gut<\/a><\/span><\/li>\n<li><span style=\"color: #000000;\">Mutation <a style=\"color: #000000;\" href=\"mailto:groili@sunrise.ch\">Beat Grauwiler<\/a><\/span><\/li>\n<li><span style=\"color: #000000;\">Junioren <a style=\"color: #000000;\" href=\"mailto:junioren@zurichbowling.ch\">Andreas Scholz<\/a><\/span><\/li>\n<li><span style=\"color: #000000;\">Aktuar vacant<\/span><\/li>\n<li><span style=\"color: #000000;\">PR und Marketing vacant<\/span><\/li>\n<\/ul>\n","protected":false},"excerpt":{"rendered":"<p>Hier die Vorstandsmitglieder der BSZ: Pr\u00e4sident Christoph Gut Vizepr\u00e4sident Dominic Maier Sportpr\u00e4sident Tanya Cuva Vizesportpr\u00e4sident Damir Branezac Kassier Myriam Gut &hellip; <a href=\"https:\/\/www.zurichbowling.ch\/go\/?page_id=162\" class=\"more-link\">Continue reading <span class=\"screen-reader-text\">Vorstand der BSZ<\/span><\/a><\/p>\n","protected":false},"author":3,"featured_media":0,"parent":105,"menu_order":0,"comment_status":"closed","ping_status":"closed","template":"page-templates\/full-width.php","meta":{"footnotes":""},"class_list":["post-162","page","type-page","status-publish","hentry"],"_links":{"self":[{"href":"https:\/\/www.zurichbowling.ch\/go\/index.php?rest_route=\/wp\/v2\/pages\/162","targetHints":{"allow":["GET"]}}],"collection":[{"href":"https:\/\/www.zurichbowling.ch\/go\/index.php?rest_route=\/wp\/v2\/pages"}],"about":[{"href":"https:\/\/www.zurichbowling.ch\/go\/index.php?rest_route=\/wp\/v2\/types\/page"}],"author":[{"embeddable":true,"href":"https:\/\/www.zurichbowling.ch\/go\/index.php?rest_route=\/wp\/v2\/users\/3"}],"replies":[{"embeddable":true,"href":"https:\/\/www.zurichbowling.ch\/go\/index.php?rest_route=%2Fwp%2Fv2%2Fcomments&post=162"}],"version-history":[{"count":8,"href":"https:\/\/www.zurichbowling.ch\/go\/index.php?rest_route=\/wp\/v2\/pages\/162\/revisions"}],"predecessor-version":[{"id":4074,"href":"https:\/\/www.zurichbowling.ch\/go\/index.php?rest_route=\/wp\/v2\/pages\/162\/revisions\/4074"}],"up":[{"embeddable":true,"href":"https:\/\/www.zurichbowling.ch\/go\/index.php?rest_route=\/wp\/v2\/pages\/105"}],"wp:attachment":[{"href":"https:\/\/www.zurichbowling.ch\/go\/index.php?rest_route=%2Fwp%2Fv2%2Fmedia&parent=162"}],"curies":[{"name":"wp","href":"https:\/\/api.w.org\/{rel}","templated":true}]}}