{"id":1587,"date":"2020-01-27T22:28:33","date_gmt":"2020-01-27T22:28:33","guid":{"rendered":"http:\/\/www.zurichbowling.ch\/go\/?page_id=1587"},"modified":"2020-07-13T16:30:19","modified_gmt":"2020-07-13T16:30:19","slug":"ch-meisterschaften-doppel-2020","status":"publish","type":"page","link":"https:\/\/www.zurichbowling.ch\/go\/?page_id=1587","title":{"rendered":"CH-Meisterschaften Doppel Herren B &#038;C 2020"},"content":{"rendered":"<div class=\"\"><strong><span style=\"color: #ff0000;\">Guten Morgen liebe Freunde<\/span><\/strong><\/div>\n<div class=\"\"><\/div>\n<div class=\"\"><strong><span style=\"color: #ff0000;\">Es ist die Zeit gekommen um schweren Herzens die Entscheidung zu F\u00e4llen die Schweizer Meisterschaften zu Annullieren.<\/span><\/strong><\/div>\n<div class=\"\"><strong><span style=\"color: #ff0000;\">Grund f\u00fcr diese Entscheidung sind:<\/span><\/strong><\/div>\n<div class=\"\"><strong><span style=\"color: #ff0000;\">Die Verschlechterung der allgemeinen Lage um den Corona Virus innert den letzten 48 Stunden.<\/span><\/strong><\/div>\n<div class=\"\"><strong><span style=\"color: #ff0000;\">Die zugenommenen Absagen der Teilnehmer in den letzten 2 Tagen, aus verst\u00e4ndlichen Gr\u00fcnden.<\/span><\/strong><\/div>\n<div class=\"\"><strong><span style=\"color: #ff0000;\">Es tut uns Leid diese Nachricht zu \u00fcbermitteln, denn wir wissen alle, was f\u00fcr Arbeit bei den Centern und den Organisatoren anf\u00e4llt um solche Anl\u00e4sse durchzuf\u00fchren.<\/span><\/strong><\/div>\n<div class=\"\"><strong><span style=\"color: #ff0000;\">Wir, (der Vorstand von Swiss Bowling) bedauert das sehr, aber im Sinne der Gesundheit haben wir uns zu diesem Schritt\u00a0 entschieden.<\/span><\/strong><\/div>\n<div class=\"\"><strong><span style=\"color: #ff0000;\">Dieser Entscheid gilt auch f\u00fcr die National Liga, ausser die Lage verbessert sich deutlich.<\/span><\/strong><\/div>\n<div class=\"\"><\/div>\n<div class=\"\"><strong><span style=\"color: #ff0000;\">Mit Sportlichen Gr\u00fcssen<\/span><\/strong><\/div>\n<div class=\"\">\n<p><strong><span style=\"color: #ff0000;\">Luciano Fiorani<\/span><\/strong><br \/>\n<strong><span style=\"color: #ff0000;\">Sportpr\u00e4sident SB<\/span><\/strong><\/p>\n<p><strong><span style=\"color: #ff0000;\">Bonjour, chers amis<\/span><\/strong><\/p>\n<\/div>\n<div class=\"\"><strong><span style=\"color: #ff0000;\">le moment est venu d \u00a0annuler de tout c\u0153ur la d\u00e9cision sur les cas des championnats suisses. La raison de cette d\u00e9cision est: La d\u00e9t\u00e9rioration de la situation g\u00e9n\u00e9rale autour du virus Corona au cours des derni\u00e8res 48 heures. L \u00a0augmentation des annulations des participants au cours des derniers 2 jours, pour des raisons compr\u00e9hensibles.<\/span><\/strong><\/div>\n<div class=\"\"><strong><span style=\"color: #ff0000;\">Nous sommes d\u00e9sol\u00e9s de transmettre ce message car nous savons tous quel travail est n\u00e9cessaire dans les centres et les organisateurs pour organiser de tels \u00e9v\u00e9nements.<\/span><\/strong><\/div>\n<div class=\"\"><strong><span style=\"color: #ff0000;\">Nous (le conseil d\u00a0 administration de Swiss Bowling) le regrettons beaucoup, mais en termes de sant\u00e9, nous avons d\u00e9cid\u00e9 de franchir cette \u00e9tape.<\/span><\/strong><\/div>\n<div class=\"\"><strong><span style=\"color: #ff0000;\">Cette d\u00e9cision s\u00a0 applique \u00e9galement \u00e0 la Ligue nationale, \u00e0 moins que la situation ne s\u00a0 am\u00e9liore consid\u00e9rablement.<\/span><\/strong><\/div>\n<div class=\"\"><\/div>\n<div class=\"\"><strong><span style=\"color: #ff0000;\">Cordialement<\/span><\/strong><\/div>\n<div class=\"\"><strong><span style=\"color: #ff0000;\">Luciano Fiorani<\/span><\/strong><\/div>\n<div class=\"\"><strong><span style=\"color: #ff0000;\">Sport Pr\u00e9sident SB<\/span><\/strong><\/div>\n<ul>\n<li><span style=\"color: #000000;\">Ausschreibung\u00a0\/Program<\/span><br \/>\n<span style=\"color: #000000;\">Anmeldungen an:\u00a0info@zurichbowling.ch<\/span><\/li>\n<li><span style=\"color: #000000;\">Startliste\/PDJ<\/span><br \/>\n<span style=\"color: #000000;\">Aufgrund der zahlreichen Abmeldungen k\u00f6nnen wir auf den DG am\u00a0\u00a0Samstag Abend um 21.00 h verzichten.<\/span><br \/>\n<span style=\"color: #000000;\">Wir bitten um Verst\u00e4ndnis, danke.<\/span><\/li>\n<li><span style=\"color: #000000;\">\u00d6lbild\u00a0\/Pattern<\/span><\/li>\n<li><span style=\"color: #000000;\">Results<\/span><\/li>\n<li><span style=\"color: #000000;\"><a style=\"color: #000000;\" href=\"https:\/\/www.youtube.com\/user\/Bowlingnet\/featured?view_as=subscriber\" target=\"_blank\" rel=\"noopener\">Livestream\u2019s<\/a><\/span><\/li>\n<\/ul>\n","protected":false},"excerpt":{"rendered":"<p>Guten Morgen liebe Freunde Es ist die Zeit gekommen um schweren Herzens die Entscheidung zu F\u00e4llen die Schweizer Meisterschaften zu &hellip; <a href=\"https:\/\/www.zurichbowling.ch\/go\/?page_id=1587\" class=\"more-link\">Continue reading <span class=\"screen-reader-text\">CH-Meisterschaften Doppel Herren B &#038;C 2020<\/span><\/a><\/p>\n","protected":false},"author":3,"featured_media":0,"parent":311,"menu_order":0,"comment_status":"closed","ping_status":"closed","template":"page-templates\/full-width.php","meta":{"footnotes":""},"class_list":["post-1587","page","type-page","status-publish","hentry"],"_links":{"self":[{"href":"https:\/\/www.zurichbowling.ch\/go\/index.php?rest_route=\/wp\/v2\/pages\/1587","targetHints":{"allow":["GET"]}}],"collection":[{"href":"https:\/\/www.zurichbowling.ch\/go\/index.php?rest_route=\/wp\/v2\/pages"}],"about":[{"href":"https:\/\/www.zurichbowling.ch\/go\/index.php?rest_route=\/wp\/v2\/types\/page"}],"author":[{"embeddable":true,"href":"https:\/\/www.zurichbowling.ch\/go\/index.php?rest_route=\/wp\/v2\/users\/3"}],"replies":[{"embeddable":true,"href":"https:\/\/www.zurichbowling.ch\/go\/index.php?rest_route=%2Fwp%2Fv2%2Fcomments&post=1587"}],"version-history":[{"count":25,"href":"https:\/\/www.zurichbowling.ch\/go\/index.php?rest_route=\/wp\/v2\/pages\/1587\/revisions"}],"predecessor-version":[{"id":1771,"href":"https:\/\/www.zurichbowling.ch\/go\/index.php?rest_route=\/wp\/v2\/pages\/1587\/revisions\/1771"}],"up":[{"embeddable":true,"href":"https:\/\/www.zurichbowling.ch\/go\/index.php?rest_route=\/wp\/v2\/pages\/311"}],"wp:attachment":[{"href":"https:\/\/www.zurichbowling.ch\/go\/index.php?rest_route=%2Fwp%2Fv2%2Fmedia&parent=1587"}],"curies":[{"name":"wp","href":"https:\/\/api.w.org\/{rel}","templated":true}]}}