{"id":1565,"date":"2020-01-26T16:07:51","date_gmt":"2020-01-26T16:07:51","guid":{"rendered":"http:\/\/www.zurichbowling.ch\/go\/?page_id=1565"},"modified":"2020-08-12T12:43:28","modified_gmt":"2020-08-12T12:43:28","slug":"einzelliga-2019-20","status":"publish","type":"page","link":"https:\/\/www.zurichbowling.ch\/go\/?page_id=1565","title":{"rendered":"Einzelliga 2019-20"},"content":{"rendered":"<h4><span style=\"color: #ff0000;\">Info betreffend der Corona Krise<\/span><\/h4>\n<p><span style=\"color: #000000;\">Hallo Zusammen<\/span><\/p>\n<p><span style=\"color: #000000;\">Da das Ende der Krise nicht absehbar ist und wir nicht wissen wann die Grenzen wieder aufgehen,<\/span><br \/>\n<span style=\"color: #000000;\">werden wir den<\/span> <span style=\"color: #ff0000;\">GP Z\u00fcrich 2020 absagen<\/span> <span style=\"color: #000000;\">und auch weil SB die Saison per 31.3.2020 beenden m\u00f6chte.<\/span><\/p>\n<p><span style=\"color: #000000;\">Somit ist auch die Einzelliga davon beroffen und<\/span> <span style=\"color: #ff0000;\">wir werden die Liga abbrechen<\/span>.<br \/>\n<span style=\"color: #000000;\">Alle Spiele bis anhin werden gewertet f\u00fcr die Schnittliste von SB.<\/span><br \/>\n<span style=\"color: #000000;\">Wir werden uns in der Spoko Gedanken um die R\u00fcckzahlung vom Startgeld und dem Depot machen und euch informieren, wie wir das handhaben werden.<\/span><\/p>\n<p><span style=\"color: #000000;\">Wir haben uns auch bereits Gedanken um die neue Saison gemacht und ein spontanes Open Turnier nach der Krise, w\u00e4re f\u00fcr uns ein super Einstieg in die neue und hoffentlich Virenfrei Saison 2020-21.<\/span><\/p>\n<p><span style=\"color: #000000;\">Wir hoffen, dass Ihr und Eure Angeh\u00f6rigen diese Zeit gut \u00fcbersteht und wir uns bald wieder im Bowling treffen k\u00f6nnen.<\/span><\/p>\n<p><span style=\"color: #000000;\">Bleibt Gesund und zu Hause.<\/span><\/p>\n<p><span style=\"color: #000000;\">Eure SPOKO und der Vorstand der BSZ<\/span><\/p>\n<p>&nbsp;<\/p>\n<ul>\n<li><span style=\"color: #000000;\"><a style=\"color: #000000;\" href=\"https:\/\/www.zurichbowling.ch\/go\/wp-content\/uploads\/2020\/02\/EL-Einteilung19-20.pdf\" target=\"_blank\" rel=\"noopener\">Einteilung und Blindschnitt<\/a><\/span><\/li>\n<li><span style=\"color: #000000;\"><a style=\"color: #000000;\" href=\"https:\/\/www.zurichbowling.ch\/go\/wp-content\/uploads\/2020\/02\/AusschreibungEinzelliga2019-2020.pdf\" target=\"_blank\" rel=\"noopener\">Ausschreibung<\/a><\/span><\/li>\n<li><span style=\"color: #000000;\"><span style=\"color: #000000;\"><span style=\"color: #000000;\"><a style=\"color: #000000;\" href=\"https:\/\/www.zurichbowling.ch\/go\/wp-content\/uploads\/2019\/08\/2019-GP-Zurich-41.pdf\" target=\"_blank\" rel=\"noopener\">\u00d6lbild<\/a><\/span><\/span><\/span><br \/>\n<hr \/>\n<\/li>\n<li><span style=\"color: #000000;\"><a style=\"color: #000000;\" href=\"https:\/\/www.zurichbowling.ch\/go\/wp-content\/uploads\/2020\/02\/SpielplanEL19-20-C-D.xls\">Spielplan C-D Montag<\/a><\/span><\/li>\n<li><span style=\"color: #000000;\"><a style=\"color: #000000;\" href=\"https:\/\/bowling.lexerbowling.com\/besecobowlinghalle\/einzelligacd2019-20\" target=\"_blank\" rel=\"noopener\">Rangliste C-D<\/a><\/span><\/li>\n<li><span style=\"color: #000000;\"><a style=\"color: #000000;\" href=\"https:\/\/www.zurichbowling.ch\/go\/wp-content\/uploads\/2020\/03\/AP-EL-CD-19-20.pdf\" target=\"_blank\" rel=\"noopener\">Abendpr\u00e4mie C-D Montag<\/a><\/span><br \/>\n<hr \/>\n<\/li>\n<li><span style=\"color: #000000;\"><a style=\"color: #000000;\" href=\"https:\/\/www.zurichbowling.ch\/go\/wp-content\/uploads\/2020\/02\/SpielplanEL19-20-A-B.xls\">Spielplan A-B Donnerstag<\/a><\/span><\/li>\n<li><span style=\"color: #000000;\"><a style=\"color: #000000;\" href=\"https:\/\/bowling.lexerbowling.com\/besecobowlinghalle\/einzelligaab2019-20\" target=\"_blank\" rel=\"noopener\">Rangliste A-B<\/a><\/span><\/li>\n<li><span style=\"color: #000000;\"><a style=\"color: #000000;\" href=\"https:\/\/www.zurichbowling.ch\/go\/wp-content\/uploads\/2020\/03\/AP-EL-AB-19-20.pdf\" target=\"_blank\" rel=\"noopener\">Abendpr\u00e4mie A-B Donnerstag<\/a><\/span><\/li>\n<\/ul>\n","protected":false},"excerpt":{"rendered":"<p>Info betreffend der Corona Krise Hallo Zusammen Da das Ende der Krise nicht absehbar ist und wir nicht wissen wann &hellip; <a href=\"https:\/\/www.zurichbowling.ch\/go\/?page_id=1565\" class=\"more-link\">Continue reading <span class=\"screen-reader-text\">Einzelliga 2019-20<\/span><\/a><\/p>\n","protected":false},"author":3,"featured_media":0,"parent":398,"menu_order":0,"comment_status":"closed","ping_status":"closed","template":"page-templates\/full-width.php","meta":{"footnotes":""},"class_list":["post-1565","page","type-page","status-publish","hentry"],"_links":{"self":[{"href":"https:\/\/www.zurichbowling.ch\/go\/index.php?rest_route=\/wp\/v2\/pages\/1565","targetHints":{"allow":["GET"]}}],"collection":[{"href":"https:\/\/www.zurichbowling.ch\/go\/index.php?rest_route=\/wp\/v2\/pages"}],"about":[{"href":"https:\/\/www.zurichbowling.ch\/go\/index.php?rest_route=\/wp\/v2\/types\/page"}],"author":[{"embeddable":true,"href":"https:\/\/www.zurichbowling.ch\/go\/index.php?rest_route=\/wp\/v2\/users\/3"}],"replies":[{"embeddable":true,"href":"https:\/\/www.zurichbowling.ch\/go\/index.php?rest_route=%2Fwp%2Fv2%2Fcomments&post=1565"}],"version-history":[{"count":35,"href":"https:\/\/www.zurichbowling.ch\/go\/index.php?rest_route=\/wp\/v2\/pages\/1565\/revisions"}],"predecessor-version":[{"id":1790,"href":"https:\/\/www.zurichbowling.ch\/go\/index.php?rest_route=\/wp\/v2\/pages\/1565\/revisions\/1790"}],"up":[{"embeddable":true,"href":"https:\/\/www.zurichbowling.ch\/go\/index.php?rest_route=\/wp\/v2\/pages\/398"}],"wp:attachment":[{"href":"https:\/\/www.zurichbowling.ch\/go\/index.php?rest_route=%2Fwp%2Fv2%2Fmedia&parent=1565"}],"curies":[{"name":"wp","href":"https:\/\/api.w.org\/{rel}","templated":true}]}}