{"id":105,"date":"2018-11-19T20:00:53","date_gmt":"2018-11-19T20:00:53","guid":{"rendered":"http:\/\/www.zurichbowling.ch\/go\/?page_id=105"},"modified":"2026-01-09T14:57:16","modified_gmt":"2026-01-09T14:57:16","slug":"bowling-sektion-zuerich","status":"publish","type":"page","link":"https:\/\/www.zurichbowling.ch\/go\/","title":{"rendered":"Bowling Sektion Z\u00fcrich"},"content":{"rendered":"<p><span style=\"color: #000000;\">Der Bowlingsport in der Schweiz ist im Dachverband Swiss Bowling mit ca. 800 Mitgliedern organisiert. Der Dachverband gliedert sich in 10 Sektionen, denen wiederum verschiedene Clubs angeschlossen sind. Die Bowling Sektion Z\u00fcrich (BSZ) ist mit rund 150 Mitgliedern die zweitgr\u00f6sste Sektion. Seit \u00fcber 25 Jahren ist die <a style=\"color: #000000;\" href=\"http:\/\/www.beseco.ch\/\" target=\"_blank\" rel=\"noopener\">BeSeCo\u00a0<\/a>in Winterthur die Sektionshalle und der Vereinssitz.<\/span><\/p>\n<p><span style=\"color: #000000;\">Die BSZ hat sich folgende Ziele gesetzt:<\/span><\/p>\n<ul>\n<li><span style=\"color: #000000;\">F\u00f6rderung des Bowlingsports<\/span><\/li>\n<li><span style=\"color: #000000;\">F\u00f6rderung der Kameradschaft<\/span><\/li>\n<li><span style=\"color: #000000;\">F\u00f6rderung der Junioren der Bowling Sektion Z\u00fcrich<\/span><\/li>\n<\/ul>\n<p><span style=\"color: #000000;\">Ihr findet uns auch auf <a style=\"color: #000000;\" href=\"https:\/\/www.facebook.com\/BSZBowling\/\" target=\"_blank\" rel=\"noopener\">Facebook<\/a><\/span><\/p>\n<p><a href=\"https:\/\/www.facebook.com\/BSZBowling\/\" target=\"_blank\" rel=\"noopener\"><img loading=\"lazy\" decoding=\"async\" class=\"alignnone \" src=\"https:\/\/i1.wp.com\/www.futurebiz.de\/wp-content\/uploads\/2013\/04\/favicon-blue-690x690-copy.png?resize=300%2C300\" width=\"97\" height=\"97\" \/><\/a><\/p>\n","protected":false},"excerpt":{"rendered":"<p>Der Bowlingsport in der Schweiz ist im Dachverband Swiss Bowling mit ca. 800 Mitgliedern organisiert. Der Dachverband gliedert sich in &hellip; <a href=\"https:\/\/www.zurichbowling.ch\/go\/\" class=\"more-link\">Continue reading <span class=\"screen-reader-text\">Bowling Sektion Z\u00fcrich<\/span><\/a><\/p>\n","protected":false},"author":3,"featured_media":0,"parent":0,"menu_order":0,"comment_status":"closed","ping_status":"closed","template":"page-templates\/full-width.php","meta":{"footnotes":""},"class_list":["post-105","page","type-page","status-publish","hentry"],"_links":{"self":[{"href":"https:\/\/www.zurichbowling.ch\/go\/index.php?rest_route=\/wp\/v2\/pages\/105","targetHints":{"allow":["GET"]}}],"collection":[{"href":"https:\/\/www.zurichbowling.ch\/go\/index.php?rest_route=\/wp\/v2\/pages"}],"about":[{"href":"https:\/\/www.zurichbowling.ch\/go\/index.php?rest_route=\/wp\/v2\/types\/page"}],"author":[{"embeddable":true,"href":"https:\/\/www.zurichbowling.ch\/go\/index.php?rest_route=\/wp\/v2\/users\/3"}],"replies":[{"embeddable":true,"href":"https:\/\/www.zurichbowling.ch\/go\/index.php?rest_route=%2Fwp%2Fv2%2Fcomments&post=105"}],"version-history":[{"count":41,"href":"https:\/\/www.zurichbowling.ch\/go\/index.php?rest_route=\/wp\/v2\/pages\/105\/revisions"}],"predecessor-version":[{"id":5728,"href":"https:\/\/www.zurichbowling.ch\/go\/index.php?rest_route=\/wp\/v2\/pages\/105\/revisions\/5728"}],"wp:attachment":[{"href":"https:\/\/www.zurichbowling.ch\/go\/index.php?rest_route=%2Fwp%2Fv2%2Fmedia&parent=105"}],"curies":[{"name":"wp","href":"https:\/\/api.w.org\/{rel}","templated":true}]}}